{"id":15463,"date":"2022-12-14T10:14:35","date_gmt":"2022-12-14T10:14:35","guid":{"rendered":"https:\/\/thewhiteangel.com\/contact\/"},"modified":"2023-06-28T08:41:08","modified_gmt":"2023-06-28T08:41:08","slug":"contacto","status":"publish","type":"page","link":"https:\/\/thewhiteangel.com\/es\/contacto\/","title":{"rendered":"Contacto"},"content":{"rendered":"\t\t<div data-elementor-type=\"wp-page\" data-elementor-id=\"15463\" class=\"elementor elementor-15463 elementor-1244\" data-elementor-post-type=\"page\">\n\t\t\t\t<div class=\"elementor-element elementor-element-cd8f6d3 e-con-full e-flex e-con e-parent\" data-id=\"cd8f6d3\" data-element_type=\"container\" data-e-type=\"container\" data-settings=\"{&quot;background_background&quot;:&quot;classic&quot;}\">\n\t\t\t\t<\/div>\n\t\t<div class=\"elementor-element elementor-element-0279abb e-flex e-con-boxed e-con e-parent\" data-id=\"0279abb\" data-element_type=\"container\" data-e-type=\"container\">\n\t\t\t\t\t<div class=\"e-con-inner\">\n\t\t\t\t<div class=\"elementor-element elementor-element-8e297b2 elementor-widget elementor-widget-text-editor\" data-id=\"8e297b2\" data-element_type=\"widget\" data-e-type=\"widget\" data-widget_type=\"text-editor.default\">\n\t\t\t\t<div class=\"elementor-widget-container\">\n\t\t\t\t\t\t\t\t\t<p><em>El universo The White Angel<\/em> le espera. P\u00f3ngase en contacto con nosotros para obtener m\u00e1s informaci\u00f3n sobre nuestras promociones, disponibilidad o para reservar una visita privada.<\/p>\n\t\t\t\t\t\t\t\t<\/div>\n\t\t\t\t<\/div>\n\t\t\t\t<div class=\"elementor-element elementor-element-0085f31 elementor-hidden-widescreen elementor-hidden-desktop elementor-hidden-laptop elementor-hidden-tablet_extra elementor-widget elementor-widget-heading\" data-id=\"0085f31\" data-element_type=\"widget\" data-e-type=\"widget\" data-widget_type=\"heading.default\">\n\t\t\t\t<div class=\"elementor-widget-container\">\n\t\t\t\t\t<p class=\"elementor-heading-title elementor-size-default\">Cont\u00e1ctenos<\/p>\t\t\t\t<\/div>\n\t\t\t\t<\/div>\n\t\t\t\t<div class=\"elementor-element elementor-element-4187936 elementor-button-align-stretch elementor-widget elementor-widget-form\" data-id=\"4187936\" data-element_type=\"widget\" data-e-type=\"widget\" data-settings=\"{&quot;step_next_label&quot;:&quot;Siguiente&quot;,&quot;step_previous_label&quot;:&quot;Anterior&quot;,&quot;button_width&quot;:&quot;100&quot;,&quot;step_type&quot;:&quot;number_text&quot;,&quot;step_icon_shape&quot;:&quot;circle&quot;}\" data-widget_type=\"form.default\">\n\t\t\t\t<div class=\"elementor-widget-container\">\n\t\t\t\t\t\t\t<form class=\"elementor-form\" method=\"post\" name=\"Nuevo formulario\" aria-label=\"Nuevo formulario\">\n\t\t\t<input type=\"hidden\" name=\"post_id\" value=\"15463\"\/>\n\t\t\t<input type=\"hidden\" name=\"form_id\" value=\"4187936\"\/>\n\t\t\t<input type=\"hidden\" name=\"referer_title\" value=\"Contacto - The White Angel\" \/>\n\n\t\t\t\t\t\t\t<input type=\"hidden\" name=\"queried_id\" value=\"15463\"\/>\n\t\t\t\n\t\t\t<div class=\"elementor-form-fields-wrapper elementor-labels-\">\n\t\t\t\t\t\t\t\t<div class=\"elementor-field-type-text elementor-field-group elementor-column elementor-field-group-name elementor-col-100\">\n\t\t\t\t\t\t\t\t\t\t\t\t<label for=\"form-field-name\" class=\"elementor-field-label elementor-screen-only\">\n\t\t\t\t\t\t\t\tNombre\t\t\t\t\t\t\t<\/label>\n\t\t\t\t\t\t\t\t\t\t\t\t\t\t<input size=\"1\" type=\"text\" name=\"form_fields[name]\" id=\"form-field-name\" class=\"elementor-field elementor-size-sm  elementor-field-textual\" placeholder=\"Nombre\">\n\t\t\t\t\t\t\t\t\t\t\t<\/div>\n\t\t\t\t\t\t\t\t<div class=\"elementor-field-type-email elementor-field-group elementor-column elementor-field-group-email elementor-col-100 elementor-field-required\">\n\t\t\t\t\t\t\t\t\t\t\t\t<label for=\"form-field-email\" class=\"elementor-field-label elementor-screen-only\">\n\t\t\t\t\t\t\t\tDirecci\u00f3n de correo electr\u00f3nico\t\t\t\t\t\t\t<\/label>\n\t\t\t\t\t\t\t\t\t\t\t\t\t\t<input size=\"1\" type=\"email\" name=\"form_fields[email]\" id=\"form-field-email\" class=\"elementor-field elementor-size-sm  elementor-field-textual\" placeholder=\"Direcci\u00f3n de correo electr\u00f3nico\" required=\"required\">\n\t\t\t\t\t\t\t\t\t\t\t<\/div>\n\t\t\t\t\t\t\t\t<div class=\"elementor-field-type-html elementor-field-group elementor-column elementor-field-group-field_a8f892a elementor-col-100\">\n\t\t\t\t\tProyecto de inter\u00e9s\t\t\t\t<\/div>\n\t\t\t\t\t\t\t\t<div class=\"elementor-field-type-select elementor-field-group elementor-column elementor-field-group-field_4ac0dfa elementor-col-100\">\n\t\t\t\t\t\t\t\t\t\t\t\t<label for=\"form-field-field_4ac0dfa\" class=\"elementor-field-label elementor-screen-only\">\n\t\t\t\t\t\t\t\tProyecto de inter\u00e9s\t\t\t\t\t\t\t<\/label>\n\t\t\t\t\t\t\t\t<div class=\"elementor-field elementor-select-wrapper remove-before \">\n\t\t\t<div class=\"select-caret-down-wrapper\">\n\t\t\t\t<i aria-hidden=\"true\" class=\"eicon-caret-down\"><\/i>\t\t\t<\/div>\n\t\t\t<select name=\"form_fields[field_4ac0dfa]\" id=\"form-field-field_4ac0dfa\" class=\"elementor-field-textual elementor-size-sm\">\n\t\t\t\t\t\t\t\t\t<option value=\"Andorra\">Andorra<\/option>\n\t\t\t\t\t\t\t\t\t<option value=\"Talamanca (todo vendido)\">Talamanca (todo vendido)<\/option>\n\t\t\t\t\t\t\t\t\t<option value=\"Cala Comte (todo vendido)\">Cala Comte (todo vendido)<\/option>\n\t\t\t\t\t\t\t<\/select>\n\t\t<\/div>\n\t\t\t\t\t\t<\/div>\n\t\t\t\t\t\t\t\t<div class=\"elementor-field-type-html elementor-field-group elementor-column elementor-field-group-field_179dcd0 elementor-col-100\">\n\t\t\t\t\t<a haref=\"#field_28a52b6\">Tipo de consulta<\/a>\t\t\t\t<\/div>\n\t\t\t\t\t\t\t\t<div class=\"elementor-field-type-select elementor-field-group elementor-column elementor-field-group-field_28a52b6 elementor-col-100\">\n\t\t\t\t\t\t\t\t\t\t\t\t<label for=\"form-field-field_28a52b6\" class=\"elementor-field-label elementor-screen-only\">\n\t\t\t\t\t\t\t\tTipo de consulta\t\t\t\t\t\t\t<\/label>\n\t\t\t\t\t\t\t\t<div class=\"elementor-field elementor-select-wrapper remove-before \">\n\t\t\t<div class=\"select-caret-down-wrapper\">\n\t\t\t\t<i aria-hidden=\"true\" class=\"eicon-caret-down\"><\/i>\t\t\t<\/div>\n\t\t\t<select name=\"form_fields[field_28a52b6]\" id=\"form-field-field_28a52b6\" class=\"elementor-field-textual elementor-size-sm\">\n\t\t\t\t\t\t\t\t\t<option value=\"Informaci\u00f3n general\">Informaci\u00f3n general<\/option>\n\t\t\t\t\t\t\t\t\t<option value=\"Descargar dossier\">Descargar dossier<\/option>\n\t\t\t\t\t\t\t\t\t<option value=\"Descargar planos\">Descargar planos<\/option>\n\t\t\t\t\t\t\t\t\t<option value=\"Programar una visita\">Programar una visita<\/option>\n\t\t\t\t\t\t\t<\/select>\n\t\t<\/div>\n\t\t\t\t\t\t<\/div>\n\t\t\t\t\t\t\t\t<div class=\"elementor-field-type-textarea elementor-field-group elementor-column elementor-field-group-message elementor-col-100\">\n\t\t\t\t\t\t\t\t\t\t\t\t<label for=\"form-field-message\" class=\"elementor-field-label elementor-screen-only\">\n\t\t\t\t\t\t\t\tMensaje\t\t\t\t\t\t\t<\/label>\n\t\t\t\t\t\t<textarea class=\"elementor-field-textual elementor-field  elementor-size-sm\" name=\"form_fields[message]\" id=\"form-field-message\" rows=\"4\" placeholder=\"Mensaje\"><\/textarea>\t\t\t\t<\/div>\n\t\t\t\t\t\t\t\t<div class=\"elementor-field-type-acceptance elementor-field-group elementor-column elementor-field-group-field_b36d327 elementor-col-100\">\n\t\t\t\t\t\t\t<div class=\"elementor-field-subgroup\">\n\t\t\t<span class=\"elementor-field-option\">\n\t\t\t\t<input type=\"checkbox\" name=\"form_fields[field_b36d327]\" id=\"form-field-field_b36d327\" class=\"elementor-field elementor-size-sm  elementor-acceptance-field\">\n\t\t\t\t<label for=\"form-field-field_b36d327\">Confirmo que he le\u00eddo y comprendido los t\u00e9rminos de la Pol\u00edtica de privacidad.<\/label>\t\t\t<\/span>\n\t\t<\/div>\n\t\t\t\t\t\t<\/div>\n\t\t\t\t\t\t\t\t<div class=\"elementor-field-type-recaptcha_v3 elementor-field-group elementor-column elementor-field-group-field_333dc11 elementor-col-100 recaptcha_v3-bottomright\">\n\t\t\t\t\t<div class=\"elementor-field\" id=\"form-field-field_333dc11\"><div class=\"elementor-g-recaptcha\" data-sitekey=\"6Le8CO0kAAAAAIO5p5Ka8EhlrGqe6AON2cMfyGe3\" data-type=\"v3\" data-action=\"Form\" data-badge=\"bottomright\" data-size=\"invisible\"><\/div><\/div>\t\t\t\t<\/div>\n\t\t\t\t\t\t\t\t<div class=\"elementor-field-group elementor-column elementor-field-type-submit elementor-col-100 e-form__buttons\">\n\t\t\t\t\t<button class=\"elementor-button elementor-size-sm\" type=\"submit\">\n\t\t\t\t\t\t<span class=\"elementor-button-content-wrapper\">\n\t\t\t\t\t\t\t\t\t\t\t\t\t\t\t\t\t\t\t\t\t\t<span class=\"elementor-button-text\">Enviar<\/span>\n\t\t\t\t\t\t\t\t\t\t\t\t\t<\/span>\n\t\t\t\t\t<\/button>\n\t\t\t\t<\/div>\n\t\t\t<\/div>\n\t\t<\/form>\n\t\t\t\t\t\t<\/div>\n\t\t\t\t<\/div>\n\t\t\t\t<div class=\"elementor-element elementor-element-a457f3e elementor-widget elementor-widget-html\" data-id=\"a457f3e\" data-element_type=\"widget\" data-e-type=\"widget\" data-widget_type=\"html.default\">\n\t\t\t\t<div class=\"elementor-widget-container\">\n\t\t\t\t\t<script>document.addEventListener('DOMContentLoaded', function() {\n  var projectSelect = document.querySelector('select[name=\"form_fields[field_4ac0dfa]\"]');\n  var typeSelect = document.querySelector('select[name=\"form_fields[field_28a52b6]\"]');\n  \n  if (projectSelect && typeSelect) {\n    projectSelect.addEventListener('change', function() {\n      var selectedOption = projectSelect.value;\n      \n      if (selectedOption === 'andorra') {\n        typeSelect.disabled = false;\n        typeSelect.value = 'General information';\n        \n        \/\/ Habilitar todas las opciones del segundo select\n        var options = typeSelect.querySelectorAll('option');\n        options.forEach(function(option) {\n          option.disabled = false;\n        });\n      } else if (selectedOption === 'Talamanca (all sold out)' || selectedOption === 'Cala Comte (all sold out)') {\n        typeSelect.value = 'General information';\n        typeSelect.disabled = true;\n        \n        \/\/ Deshabilitar las dem\u00e1s opciones del segundo select\n        var options = typeSelect.querySelectorAll('option');\n        options.forEach(function(option) {\n          if (option.value !== 'General information') {\n            option.disabled = true;\n          }\n        });\n      } else{\n         typeSelect.disabled = false;\n         typeSelect.value = 'General information';\n        \n         \/\/ Habilitar todas las opciones del segundo select\n         var options = typeSelect.querySelectorAll('option');\n         options.forEach(function(option) {\n         option.disabled = false;\n        });\n      }\n    });\n  }\n});\n<\/script>\t\t\t\t<\/div>\n\t\t\t\t<\/div>\n\t\t\t\t\t<\/div>\n\t\t\t\t<\/div>\n\t\t\t\t<\/div>\n\t\t","protected":false},"excerpt":{"rendered":"<p>El universo The White Angel le espera. P\u00f3ngase en contacto con nosotros para obtener m\u00e1s informaci\u00f3n sobre nuestras promociones, disponibilidad o para reservar una visita privada. Cont\u00e1ctenos<\/p>\n","protected":false},"author":1,"featured_media":0,"parent":0,"menu_order":0,"comment_status":"closed","ping_status":"closed","template":"","meta":{"footnotes":""},"class_list":["post-15463","page","type-page","status-publish","hentry"],"_links":{"self":[{"href":"https:\/\/thewhiteangel.com\/es\/wp-json\/wp\/v2\/pages\/15463","targetHints":{"allow":["GET"]}}],"collection":[{"href":"https:\/\/thewhiteangel.com\/es\/wp-json\/wp\/v2\/pages"}],"about":[{"href":"https:\/\/thewhiteangel.com\/es\/wp-json\/wp\/v2\/types\/page"}],"author":[{"embeddable":true,"href":"https:\/\/thewhiteangel.com\/es\/wp-json\/wp\/v2\/users\/1"}],"replies":[{"embeddable":true,"href":"https:\/\/thewhiteangel.com\/es\/wp-json\/wp\/v2\/comments?post=15463"}],"version-history":[{"count":2,"href":"https:\/\/thewhiteangel.com\/es\/wp-json\/wp\/v2\/pages\/15463\/revisions"}],"predecessor-version":[{"id":15465,"href":"https:\/\/thewhiteangel.com\/es\/wp-json\/wp\/v2\/pages\/15463\/revisions\/15465"}],"wp:attachment":[{"href":"https:\/\/thewhiteangel.com\/es\/wp-json\/wp\/v2\/media?parent=15463"}],"curies":[{"name":"wp","href":"https:\/\/api.w.org\/{rel}","templated":true}]}}