{"id":15780,"date":"2023-02-08T13:56:09","date_gmt":"2023-02-08T13:56:09","guid":{"rendered":"https:\/\/thewhiteangel.com\/cookies-and-privacy-policy\/"},"modified":"2023-06-30T09:30:00","modified_gmt":"2023-06-30T09:30:00","slug":"cookies-y-politica-privacidad","status":"publish","type":"page","link":"https:\/\/thewhiteangel.com\/es\/cookies-y-politica-privacidad\/","title":{"rendered":"Cookies y pol\u00edtica de privacidad"},"content":{"rendered":"\t\t<div data-elementor-type=\"wp-page\" data-elementor-id=\"15780\" class=\"elementor elementor-15780 elementor-9002\" data-elementor-post-type=\"page\">\n\t\t\t\t<div class=\"elementor-element elementor-element-5b5e4f0 e-flex e-con-boxed e-con e-parent\" data-id=\"5b5e4f0\" data-element_type=\"container\" data-e-type=\"container\">\n\t\t\t\t\t<div class=\"e-con-inner\">\n\t\t\t\t<div class=\"elementor-element elementor-element-a496617 elementor-widget elementor-widget-text-editor\" data-id=\"a496617\" data-element_type=\"widget\" data-e-type=\"widget\" data-widget_type=\"text-editor.default\">\n\t\t\t\t<div class=\"elementor-widget-container\">\n\t\t\t\t\t\t\t\t\t<p>1. INFORMACI\u00d3N RECOPILADA<\/p>\n<p>En nuestra web ver\u00e1s que hay varios formularios de contacto, que nos permiten contactar directamente contigo para explicarte en qu\u00e9 consisten nuestros productos y servicios. En estos formularios te pediremos la siguiente informaci\u00f3n:<\/p>\n<p>Nombre<br \/>Tel\u00e9fono<br \/>Correo (opcional)<br \/>Pa\u00eds (opcional)<br \/>Preferencias de consumo<br \/>Almacenaremos esta informaci\u00f3n de forma segura y \u00fanicamente la utilizaremos para ponernos en contacto contigo para explicarte c\u00f3mo trabajamos, qu\u00e9 nos hace diferentes, y c\u00f3mo son nuestros productos y servicios.<\/p>\n<p>En nuestra web, utilizamos herramientas de an\u00e1lisis de terceros que nos ayudan a medir el tr\u00e1fico y las tendencias de uso. Estas herramientas recopilan informaci\u00f3n de tu dispositivo, como las p\u00e1ginas web que visites, los complementos y otra informaci\u00f3n, y nos ayuda a mejorar el servicio. Recopilamos y utilizamos esta informaci\u00f3n de an\u00e1lisis con todos los usuarios de nuestra web, de forma estad\u00edstica, por lo que no puede utilizarse razonablemente para identificar a cualquier usuario individual en particular.<\/p>\n<p>Al visitar nuestra web, podemos utilizar cookies y tecnolog\u00edas similares, como p\u00edxeles, balizas web y almacenamiento local para recopilar informaci\u00f3n sobre c\u00f3mo utilizas The White Angel y cualquier de nuestras otras webs, marcas y promociones y ofrecerte prestaciones. Toda la informaci\u00f3n de las cookies que utilizamos, y para qu\u00e9 sirven, est\u00e1 disponible en la secci\u00f3n pol\u00edtica de cookies.<\/p>\n<p>2. C\u00d3MO UTILIZAMOS TU INFORMACI\u00d3N<\/p>\n<p>Adem\u00e1s de algunos de los usos espec\u00edficos de la informaci\u00f3n que describimos en aqu\u00ed, podemos utilizar la informaci\u00f3n recibida para:<\/p>\n<p>Realizar seguimiento comercial<br \/>Proporcionarte a ti y a otros usuarios informaci\u00f3n y contenido personalizado.<br \/>Ofrecer, mejorar, poner a prueba y controlar la eficacia de nuestra web<br \/>Desarrollar y poner a prueba nuevos productos y funciones.<br \/>Supervisar los resultados, como el n\u00famero total de visitantes, el tr\u00e1fico y los patrones demogr\u00e1ficos.<br \/>Diagnosticar o solucionar problemas tecnol\u00f3gicos.<\/p>\n<p>3. DERECHOS<\/p>\n<p>Usted, como usuario de la web, tiene los siguientes derechos:<\/p>\n<p>Derecho de acceso a sus datos personales para saber cu\u00e1les est\u00e1n siendo objeto de tratamiento y las operaciones de tratamiento llevadas a cabo con ellos.<\/p>\n<p>Derecho de rectificaci\u00f3n de cualquier dato personal inexacto.<\/p>\n<p>Derecho de supresi\u00f3n de sus datos personales, cuando esto sea posible.<\/p>\n<p>Derecho a solicitar la limitaci\u00f3n del tratamiento de sus datos personales cuando la exactitud, la legalidad o la necesidad del tratamiento de los datos resulte dudosa, en cuyo caso, podremos conservar los datos conservarlos para el ejercicio o la defensa de reclamaciones.<\/p>\n<p>Derecho de oposici\u00f3n al tratamiento de tus datos personales, cuando la base legal que nos habilite para su tratamiento de las indicadas en la tabla arriba incluida sea el inter\u00e9s leg\u00edtimo. La Sociedad dejar\u00e1 de tratar sus datos salvo que tenga un inter\u00e9s leg\u00edtimo imperioso o para la formulaci\u00f3n, el ejercicio o la defensa de reclamaciones.<\/p>\n<p>Derecho a la portabilidad de tus datos, cuando la base legal que nos habilite para su tratamiento de las indicadas en la tabla arriba incluida sea la existencia de una relaci\u00f3n contractual o tu consentimiento.<\/p>\n<p>Derecho a revocar el consentimiento otorgado a The White Angel.<\/p>\n<p>Podr\u00e1s ejercitar tus derechos en cualquier momento y de forma gratuita de las siguientes formas:<br \/>Dirigiendo un correo electr\u00f3nico a la direcci\u00f3n info@thewhiteangel.com indicando el derecho que deseas ejercitar y tus datos identificativos.<\/p>\n<p>Dirigiendo una solicitud escrita a la direcci\u00f3n que figura en el Apartado 7 (Responsable) indicando el derecho que deseas ejercitar y tus datos personales.<br \/>Por otra parte te informamos que tienes derecho a presentar una reclamaci\u00f3n ante la Agencia Espa\u00f1ola de Protecci\u00f3n de Datos si consideras que se ha cometido una infracci\u00f3n de la legislaci\u00f3n en materia de protecci\u00f3n de datos respecto al tratamiento de tus datos personales.<\/p>\n<p>4. C\u00d3MO ALMACENAMOS TU INFORMACI\u00d3N<\/p>\n<p>La informaci\u00f3n de tu propiedad que se recopila a trav\u00e9s de nuestra web se almacenan en los servidores de od real estate, que est\u00e1n ubicados actualmente en Irlanda. Los datos que recopilamos a trav\u00e9s de proveedores se almacenar\u00e1n donde \u00e9stos dispongan de instalaciones.<\/p>\n<p>Para recopilar y almacenar tus datos, necesitamos una base legal, un motivo. En el caso de The White Angel, la base legal para el tratamiento de los datos es la prestaci\u00f3n del servicio y\/o consentimiento del interesado.<\/p>\n<p>Los datos que haya recopilado The White Angel no se comunicar\u00e1n a terceros ajenos a la empresa.<\/p>\n<p>5. OTROS SITIOS WEB Y SERVICIOS<\/p>\n<p>No nos responsabilizamos de las pr\u00e1cticas empleadas por los sitios web o servicios procedentes de nuestra web o vinculados a este, incluida la informaci\u00f3n o el contenido de que consten. Recuerda que, si utilizas en nuestra web un enlace que te lleva a otro sitio web o servicio, nuestra pol\u00edtica de privacidad no se aplica a esos sitios web o servicios de terceros. Si exploras o interact\u00faas en alg\u00fan sitio web o servicio de terceros, incluidos aquellos que cuentan con un enlace en nuestro sitio web, estar\u00e1s sujeto a las normas y pol\u00edticas de esos terceros.<\/p>\n<p>6. SEGURIDAD<\/p>\n<p>Nosotros adoptamos y actualizamos continuamente medidas de seguridad administrativas, t\u00e9cnicas y f\u00edsicas para contribuir a la protecci\u00f3n de su informaci\u00f3n e impedir que \u00e9sta sea destruida o modificada sin autorizaci\u00f3n o que se acceda a la misma sin permiso. Los cortafuegos, el cifrado de datos y los controles de acceso a la informaci\u00f3n son algunas de las salvaguardas que utilizamos para proteger su informaci\u00f3n. Tomamos medidas de protecci\u00f3n empresariales razonables para ayudar a mantener la seguridad de la informaci\u00f3n recopilada a trav\u00e9s de la web y seguimos los pasos necesarios y razonables. Sin embargo, OD Real Estate no puede garantizar la seguridad de la informaci\u00f3n que nos transmitas.<\/p>\n<p>7. RESPONSABLE<\/p>\n<p>Identidad: Jorjun 2020 S.L<br \/>Direcci\u00f3n postal: Calle D&#8217;Atenes 30. Sant Josep de sa Talaia, 08730, Ibiza Sant Josep de sa Talaia, 08730, Ibiza<br \/>Tel\u00e9fono: 971 39 45 48<br \/>CIF: B16661423<\/p>\n<p>Si tienes alguna pregunta sobre esta Pol\u00edtica de privacidad o sobre The White Angel, puedes ponerte en contacto con nosotros escribiendo un correo a info@thewhiteangel.com<\/p>\n<p>8. CAMBIOS EN NUESTRA POL\u00cdTICA DE PRIVACIDAD<\/p>\n<p>OD Real Estate puede modificar o actualizar esta pol\u00edtica de privacidad peri\u00f3dicamente, por lo que te aconsejamos que la revises de vez en cuando. Podemos ofrecerte otros m\u00e9todos para el aviso de modificaciones o actualizaciones, como se estime oportuno seg\u00fan las circunstancias. El uso continuado que hagas de The White Angel tras cualquier modificaci\u00f3n de esta pol\u00edtica de privacidad implicar\u00e1 tu aceptaci\u00f3n de dicha modificaci\u00f3n.<\/p>\n<p>9. PLAZO DE CONSERVACI\u00d3N DE LOS DATOS<\/p>\n<p>Sus datos personales ser\u00e1n conservados durante el tiempo necesario para cumplir la finalidad para la cual se recogieron. Si sus datos se utilizan para varias finalidades que nos obligan a conservarlos durante plazos diferentes, aplicaremos el plazo de conservaci\u00f3n m\u00e1s largo.<\/p>\n<p>En todo caso, limitamos el acceso a sus datos s\u00f3lo a aquellas personas que necesiten utilizarla para el desempe\u00f1o de sus funciones.<\/p>\n<p>Nuestros plazos de conservaci\u00f3n de datos est\u00e1n basados en necesidades de negocio. Por lo que en relaci\u00f3n con aquellos datos personales que ya no sean necesarios bien quedar\u00e1 limitado el acceso a los mismos al cumplimiento de obligaciones estrictamente legales o bien se destruir\u00e1n de forma segura.<\/p>\n<p>Finalidades de marketing: por lo que respecta al uso de su informaci\u00f3n con fines de marketing, conservaremos esa informaci\u00f3n para dicho prop\u00f3sito durante los dos a\u00f1os siguientes a la fecha en que obtuvimos por \u00faltima vez su autorizaci\u00f3n para dirigirle comunicaciones de marketing, salvo que usted nos solicite que le excluyamos de las mismas revocando el consentimiento prestado.<\/p>\n<p>Finalidades relacionadas con la ejecuci\u00f3n de un contrato: por lo que respecta al uso de su informaci\u00f3n para la gesti\u00f3n de alguna obligaci\u00f3n contractual que tengamos con usted, conservaremos esos datos durante el per\u00edodo de vigencia del contrato y durante los diez a\u00f1os siguientes, para poder atender a posibles consultas o reclamaciones posteriores.<\/p>\n<p>Finalidades relacionadas con el cumplimiento de obligaciones legales y regulatorias: determinada informaci\u00f3n deber\u00e1 mantenerse durante los plazos exigidos por la normativa espec\u00edfica que resulte de aplicaci\u00f3n (fiscal, mercantil, blanqueo de capitales, etc.).<\/p>\n<p>10. SOLICITUD DE ELIMINACI\u00d3N DE DATOS<\/p>\n<p>Sus datos personales pueden ser eliminados si usted lo desea enviando un email a info@thewhiteangel.com<\/p>\n\t\t\t\t\t\t\t\t<\/div>\n\t\t\t\t<\/div>\n\t\t\t\t\t<\/div>\n\t\t\t\t<\/div>\n\t\t\t\t<\/div>\n\t\t","protected":false},"excerpt":{"rendered":"<p>1. INFORMACI\u00d3N RECOPILADA En nuestra web ver\u00e1s que hay varios formularios de contacto, que nos permiten contactar directamente contigo para explicarte en qu\u00e9 consisten nuestros productos y servicios. En estos formularios te pediremos la siguiente informaci\u00f3n: NombreTel\u00e9fonoCorreo (opcional)Pa\u00eds (opcional)Preferencias de consumoAlmacenaremos esta informaci\u00f3n de forma segura y \u00fanicamente la utilizaremos para ponernos en contacto contigo [&hellip;]<\/p>\n","protected":false},"author":1,"featured_media":0,"parent":0,"menu_order":0,"comment_status":"closed","ping_status":"closed","template":"","meta":{"footnotes":""},"class_list":["post-15780","page","type-page","status-publish","hentry"],"_links":{"self":[{"href":"https:\/\/thewhiteangel.com\/es\/wp-json\/wp\/v2\/pages\/15780","targetHints":{"allow":["GET"]}}],"collection":[{"href":"https:\/\/thewhiteangel.com\/es\/wp-json\/wp\/v2\/pages"}],"about":[{"href":"https:\/\/thewhiteangel.com\/es\/wp-json\/wp\/v2\/types\/page"}],"author":[{"embeddable":true,"href":"https:\/\/thewhiteangel.com\/es\/wp-json\/wp\/v2\/users\/1"}],"replies":[{"embeddable":true,"href":"https:\/\/thewhiteangel.com\/es\/wp-json\/wp\/v2\/comments?post=15780"}],"version-history":[{"count":3,"href":"https:\/\/thewhiteangel.com\/es\/wp-json\/wp\/v2\/pages\/15780\/revisions"}],"predecessor-version":[{"id":15802,"href":"https:\/\/thewhiteangel.com\/es\/wp-json\/wp\/v2\/pages\/15780\/revisions\/15802"}],"wp:attachment":[{"href":"https:\/\/thewhiteangel.com\/es\/wp-json\/wp\/v2\/media?parent=15780"}],"curies":[{"name":"wp","href":"https:\/\/api.w.org\/{rel}","templated":true}]}}