{"id":16472,"date":"2023-03-02T12:13:01","date_gmt":"2023-03-02T12:13:01","guid":{"rendered":"https:\/\/thewhiteangel.com\/prueba\/"},"modified":"2025-04-24T17:10:13","modified_gmt":"2025-04-24T15:10:13","slug":"experiences-propietarios","status":"publish","type":"page","link":"https:\/\/thewhiteangel.com\/es\/experiences-propietarios\/","title":{"rendered":"Experiences propietarios"},"content":{"rendered":"\t\t<div data-elementor-type=\"wp-page\" data-elementor-id=\"16472\" class=\"elementor elementor-16472 elementor-13320\" data-elementor-post-type=\"page\">\n\t\t\t\t<div class=\"elementor-element elementor-element-b1b2636 e-flex e-con-boxed e-con e-parent\" data-id=\"b1b2636\" data-element_type=\"container\" data-e-type=\"container\">\n\t\t\t\t\t<div class=\"e-con-inner\">\n\t\t\t\t<div class=\"elementor-element elementor-element-2798202 elementor-widget elementor-widget-heading\" data-id=\"2798202\" data-element_type=\"widget\" data-e-type=\"widget\" data-widget_type=\"heading.default\">\n\t\t\t\t<div class=\"elementor-widget-container\">\n\t\t\t\t\t<h1 class=\"elementor-heading-title elementor-size-default\">Bienvenidos<\/h1>\t\t\t\t<\/div>\n\t\t\t\t<\/div>\n\t\t\t\t<div class=\"elementor-element elementor-element-f97470d elementor-widget-tablet_extra__width-initial elementor-widget elementor-widget-text-editor\" data-id=\"f97470d\" data-element_type=\"widget\" data-e-type=\"widget\" data-widget_type=\"text-editor.default\">\n\t\t\t\t<div class=\"elementor-widget-container\">\n\t\t\t\t\t\t\t\t\t<p class=\"p1\">Esta es el \u00e1rea privada para residentes. Puedes iniciar sesi\u00f3n con el usuario y la contrase\u00f1a que te hemos proporcionado.<\/p><p class=\"p1\">Si eres residente temporal, solicita el acceso al propietario y estaremos encantados de facilitarte un usuario temporal.<\/p><p class=\"p1\">Si no dispones de tus datos de acceso o los has extraviado, por favor contacta con tu equipo de <b>The White Angel<\/b>. Estaremos encantados de ayudarte.<\/p>\t\t\t\t\t\t\t\t<\/div>\n\t\t\t\t<\/div>\n\t\t\t\t\t<\/div>\n\t\t\t\t<\/div>\n\t\t<div class=\"elementor-element elementor-element-3f0697e e-flex e-con-boxed e-con e-parent\" data-id=\"3f0697e\" data-element_type=\"container\" data-e-type=\"container\">\n\t\t\t\t\t<div class=\"e-con-inner\">\n\t\t\t\t<div class=\"elementor-element elementor-element-97784de elementor-widget elementor-widget-login\" data-id=\"97784de\" data-element_type=\"widget\" data-e-type=\"widget\" data-widget_type=\"login.default\">\n\t\t\t\t<div class=\"elementor-widget-container\">\n\t\t\t\t\t\t\t<form class=\"elementor-login elementor-form\" method=\"post\" action=\"https:\/\/thewhiteangel.com\/es\/wp-login.php?itsec-hb-token=adm_web\" aria-label=\"Fromulario de login\">\n\t\t\t<input type=\"hidden\" name=\"redirect_to\" value=\"\/es\/wp-json\/wp\/v2\/pages\/16472\">\n\t\t\t<div class=\"elementor-form-fields-wrapper\">\n\t\t\t\t<div class=\"elementor-field-type-text elementor-field-group elementor-column elementor-col-100 elementor-field-required\">\n\t\t\t\t\t<label for=\"user-97784de\" class=\"elementor-field-label\">Nombre de usuario o Email<\/label>\n\t\t\t\t\t<input size=\"1\" type=\"text\" name=\"log\" id=\"user-97784de\" placeholder=\"\" class=\"elementor-field elementor-field-textual elementor-size-sm\">\n\t\t\t\t<\/div>\n\t\t\t\t<div class=\"elementor-field-type-text elementor-field-group elementor-column elementor-col-100 elementor-field-required\">\n\t\t\t\t\t<label for=\"password-97784de\" class=\"elementor-field-label\">Contrase\u00f1a<\/label>\n\t\t\t\t\t<input size=\"1\" type=\"password\" name=\"pwd\" id=\"password-97784de\" placeholder=\"\" class=\"elementor-field elementor-field-textual elementor-size-sm\">\n\t\t\t\t<\/div>\n\n\t\t\t\t\t\t\t\t\t<div class=\"elementor-field-type-checkbox elementor-field-group elementor-column elementor-col-100 elementor-remember-me\">\n\t\t\t\t\t\t<label for=\"elementor-login-remember-me\">\n\t\t\t\t\t\t\t<input type=\"checkbox\" id=\"elementor-login-remember-me\" name=\"rememberme\" value=\"forever\">\n\t\t\t\t\t\t\tRecu\u00e9rdame\t\t\t\t\t\t<\/label>\n\t\t\t\t\t<\/div>\n\t\t\t\t\n\t\t\t\t<div class=\"elementor-field-group elementor-column elementor-field-type-submit elementor-col-100\">\n\t\t\t\t\t<button type=\"submit\" class=\"elementor-size-sm elementor-button\" name=\"wp-submit\">\n\t\t\t\t\t\t\t\t\t\t\t\t\t\t\t<span class=\"elementor-button-text\">Iniciar sesi\u00f3n<\/span>\n\t\t\t\t\t\t\t\t\t\t\t\t<\/button>\n\t\t\t\t<\/div>\n\n\t\t\t\t\t\t\t\t\t<div class=\"elementor-field-group elementor-column elementor-col-100\">\n\t\t\t\t\t\t\t\t\t\t\t\t\t\t\t\t\t\t\t\t<a class=\"elementor-lost-password\" href=\"https:\/\/thewhiteangel.com\/es\/wp-login.php?itsec-hb-token=adm_web&action=lostpassword&redirect_to=%2Fes%2Fwp-json%2Fwp%2Fv2%2Fpages%2F16472\">\n\t\t\t\t\t\t\t\t\u00bfOlvid\u00f3 su contrase\u00f1a?\t\t\t\t\t\t\t<\/a>\n\t\t\t\t\t\t\n\t\t\t\t\t\t\t\t\t\t\t<\/div>\n\t\t\t\t\t\t\t<\/div>\n\t\t<\/form>\n\t\t\t\t\t\t<\/div>\n\t\t\t\t<\/div>\n\t\t\t\t\t<\/div>\n\t\t\t\t<\/div>\n\t\t\t\t<\/div>\n\t\t","protected":false},"excerpt":{"rendered":"<p>Bienvenidos Esta es el \u00e1rea privada para residentes. Puedes iniciar sesi\u00f3n con el usuario y la contrase\u00f1a que te hemos proporcionado. Si eres residente temporal, solicita el acceso al propietario y estaremos encantados de facilitarte un usuario temporal. Si no dispones de tus datos de acceso o los has extraviado, por favor contacta con tu [&hellip;]<\/p>\n","protected":false},"author":1,"featured_media":0,"parent":0,"menu_order":0,"comment_status":"closed","ping_status":"closed","template":"","meta":{"footnotes":""},"class_list":["post-16472","page","type-page","status-publish","hentry"],"_links":{"self":[{"href":"https:\/\/thewhiteangel.com\/es\/wp-json\/wp\/v2\/pages\/16472","targetHints":{"allow":["GET"]}}],"collection":[{"href":"https:\/\/thewhiteangel.com\/es\/wp-json\/wp\/v2\/pages"}],"about":[{"href":"https:\/\/thewhiteangel.com\/es\/wp-json\/wp\/v2\/types\/page"}],"author":[{"embeddable":true,"href":"https:\/\/thewhiteangel.com\/es\/wp-json\/wp\/v2\/users\/1"}],"replies":[{"embeddable":true,"href":"https:\/\/thewhiteangel.com\/es\/wp-json\/wp\/v2\/comments?post=16472"}],"version-history":[{"count":78,"href":"https:\/\/thewhiteangel.com\/es\/wp-json\/wp\/v2\/pages\/16472\/revisions"}],"predecessor-version":[{"id":17122,"href":"https:\/\/thewhiteangel.com\/es\/wp-json\/wp\/v2\/pages\/16472\/revisions\/17122"}],"wp:attachment":[{"href":"https:\/\/thewhiteangel.com\/es\/wp-json\/wp\/v2\/media?parent=16472"}],"curies":[{"name":"wp","href":"https:\/\/api.w.org\/{rel}","templated":true}]}}